{"id":26,"date":"2017-04-06T11:12:49","date_gmt":"2017-04-06T11:12:49","guid":{"rendered":"http:\/\/valenciafotografica.com\/nuevaweb\/?page_id=26"},"modified":"2025-02-22T19:36:19","modified_gmt":"2025-02-22T19:36:19","slug":"empresa","status":"publish","type":"page","link":"https:\/\/www.garciayllinares.com\/index.php\/empresa\/","title":{"rendered":"EMPRESA"},"content":{"rendered":"<p>[vc_row][vc_column][vc_separator color=&#8221;juicy_pink&#8221; border_width=&#8221;2&#8243; css_animation=&#8221;fadeInDown&#8221;][vc_empty_space height=&#8221;1px&#8221;][vc_custom_heading text=&#8221;NUESTRA EMPRESA&#8221; font_container=&#8221;tag:h2|text_align:center|color:%23dd0000&#8243; google_fonts=&#8221;font_family:Viga%3Aregular|font_style:400%20regular%3A400%3Anormal&#8221;][vc_empty_space height=&#8221;30px&#8221;]<div id=\"ult-easy-separator-120532479569e24bd6e0495\" class=\"ult-easy-separator-wrapper ult-responsive ult-top-easy-separator \" style=\"\" data-vc-row=\"wpb_row\"  data-ultimate-target='#ult-easy-separator-120532479569e24bd6e0495'  data-responsive-json-new='{\"width\":\"\"}' ><div class=\"ult-easy-separator-inner-wrapper\"><div class=\" ult-animation ult-animate-viewport \" style=\"opacity:0;\"   data-animate=\"bounceInDown\"  data-animation-delay=\"0\"  data-animation-duration=\"3\"  data-animation-iteration=\"1\"  data-opacity_start_effect=\"\"><img decoding=\"async\" class=\"ult-easy-separator-img\" alt=\"null\" src=\"https:\/\/www.garciayllinares.com\/wp-content\/uploads\/2017\/04\/favicon.png\" \/><\/div><\/div><\/div>[\/vc_column][\/vc_row][vc_row][vc_column width=&#8221;1\/2&#8243;][vc_separator color=&#8221;juicy_pink&#8221; border_width=&#8221;2&#8243; css_animation=&#8221;fadeInDown&#8221;][vc_single_image image=&#8221;153&#8243; img_size=&#8221;large&#8221; alignment=&#8221;center&#8221; style=&#8221;vc_box_shadow_3d&#8221; css_animation=&#8221;fadeInDown&#8221;][vc_single_image image=&#8221;157&#8243; img_size=&#8221;large&#8221; alignment=&#8221;center&#8221; css_animation=&#8221;fadeInDown&#8221;][\/vc_column][vc_column width=&#8221;1\/2&#8243;][vc_separator color=&#8221;juicy_pink&#8221; border_width=&#8221;2&#8243; css_animation=&#8221;fadeInDown&#8221;][vc_single_image image=&#8221;158&#8243; img_size=&#8221;large&#8221; alignment=&#8221;center&#8221; css_animation=&#8221;fadeInDown&#8221;][vc_single_image image=&#8221;156&#8243; img_size=&#8221;large&#8221; alignment=&#8221;center&#8221; css_animation=&#8221;fadeInDown&#8221;][\/vc_column][\/vc_row][vc_row][vc_column][vc_single_image image=&#8221;59&#8243;][vc_column_text]<\/p>\n<h3><strong>Garc\u00eda &amp; Llinares Corredur\u00eda de Seguros, S.L. nace en Julio de 1972. Con una antig\u00fcedad en la profesi\u00f3n de la mediaci\u00f3n y<\/strong><\/h3>\n<h3><strong>gesti\u00f3n de seguros de m\u00e1s de 35 a\u00f1os,avalada por la representaci\u00f3n de compa\u00f1\u00edas aseguradoras de primer orden.<\/strong><\/h3>\n<h3><strong>Desde que empieza se dedica a trabajar todos los ramos de p\u00f3lizas de seguros.<\/strong><\/h3>\n<h3><strong>Nuestra empresa ofrece las mejores coberturas de p\u00f3lizas y mejores precios del mercado.<\/strong><\/h3>\n<h3><strong>Se nos distingue por nuestro servicio, honradez y profesionalidad.<\/strong><\/h3>\n<p>[\/vc_column_text][\/vc_column][vc_column][\/vc_column][\/vc_row][vc_row][vc_column][vc_text_separator title=&#8221;GARCIA Y LLINARES&#8221; i_type=&#8221;entypo&#8221; i_icon_entypo=&#8221;entypo-icon entypo-icon-mail&#8221; color=&#8221;juicy_pink&#8221; add_icon=&#8221;true&#8221;][\/vc_column][\/vc_row]<\/p>\n","protected":false},"excerpt":{"rendered":"<p>[vc_row][vc_column][vc_separator color=&#8221;juicy_pink&#8221; border_width=&#8221;2&#8243; css_animation=&#8221;fadeInDown&#8221;][vc_empty_space height=&#8221;1px&#8221;][vc_custom_heading text=&#8221;NUESTRA EMPRESA&#8221; font_container=&#8221;tag:h2|text_align:center|color:%23dd0000&#8243; google_fonts=&#8221;font_family:Viga%3Aregular|font_style:400%20regular%3A400%3Anormal&#8221;][vc_empty_space height=&#8221;30px&#8221;][\/vc_column][\/vc_row][vc_row][vc_column width=&#8221;1\/2&#8243;][vc_separator color=&#8221;juicy_pink&#8221; border_width=&#8221;2&#8243; css_animation=&#8221;fadeInDown&#8221;][vc_single_image image=&#8221;153&#8243; img_size=&#8221;large&#8221; alignment=&#8221;center&#8221; style=&#8221;vc_box_shadow_3d&#8221; css_animation=&#8221;fadeInDown&#8221;][vc_single_image image=&#8221;157&#8243; img_size=&#8221;large&#8221; alignment=&#8221;center&#8221; css_animation=&#8221;fadeInDown&#8221;][\/vc_column][vc_column width=&#8221;1\/2&#8243;][vc_separator color=&#8221;juicy_pink&#8221;<a href=\"https:\/\/www.garciayllinares.com\/index.php\/empresa\/\" class=\"more-link\">Ver m\u00e1s<\/a><\/p>\n","protected":false},"author":2,"featured_media":0,"parent":0,"menu_order":0,"comment_status":"closed","ping_status":"closed","template":"","meta":{"footnotes":""},"class_list":["post-26","page","type-page","status-publish","hentry"],"_links":{"self":[{"href":"https:\/\/www.garciayllinares.com\/index.php\/wp-json\/wp\/v2\/pages\/26","targetHints":{"allow":["GET"]}}],"collection":[{"href":"https:\/\/www.garciayllinares.com\/index.php\/wp-json\/wp\/v2\/pages"}],"about":[{"href":"https:\/\/www.garciayllinares.com\/index.php\/wp-json\/wp\/v2\/types\/page"}],"author":[{"embeddable":true,"href":"https:\/\/www.garciayllinares.com\/index.php\/wp-json\/wp\/v2\/users\/2"}],"replies":[{"embeddable":true,"href":"https:\/\/www.garciayllinares.com\/index.php\/wp-json\/wp\/v2\/comments?post=26"}],"version-history":[{"count":66,"href":"https:\/\/www.garciayllinares.com\/index.php\/wp-json\/wp\/v2\/pages\/26\/revisions"}],"predecessor-version":[{"id":697,"href":"https:\/\/www.garciayllinares.com\/index.php\/wp-json\/wp\/v2\/pages\/26\/revisions\/697"}],"wp:attachment":[{"href":"https:\/\/www.garciayllinares.com\/index.php\/wp-json\/wp\/v2\/media?parent=26"}],"curies":[{"name":"wp","href":"https:\/\/api.w.org\/{rel}","templated":true}]}}