{"id":2,"date":"2017-04-06T10:17:43","date_gmt":"2017-04-06T10:17:43","guid":{"rendered":"http:\/\/valenciafotografica.com\/nuevaweb\/?page_id=2"},"modified":"2025-02-22T19:29:52","modified_gmt":"2025-02-22T19:29:52","slug":"pagina-ejemplo","status":"publish","type":"page","link":"https:\/\/www.garciayllinares.com\/","title":{"rendered":"INICIO"},"content":{"rendered":"<p>[vc_row][vc_column width=&#8221;1\/2&#8243;][\/vc_column][\/vc_row][vc_row][vc_column][vc_btn title=&#8221;DESCARGA PARTE AMISTOSO&#8221; style=&#8221;gradient&#8221; gradient_color_1=&#8221;pink&#8221; gradient_color_2=&#8221;juicy-pink&#8221; i_icon_fontawesome=&#8221;fa fa-clipboard&#8221; css_animation=&#8221;fadeInUp&#8221; add_icon=&#8221;true&#8221; link=&#8221;url:http%3A%2F%2Fwww.garciayllinares.com%2Fwp-content%2Fuploads%2F2023%2F09%2FDeclaracion-Amistosa-de-parte.pdf|||&#8221;][\/vc_column][\/vc_row][vc_row][vc_column][vc_empty_space height=&#8221;90px&#8221;]<div id=\"ult-easy-separator-34140555669e2364ce1697\" class=\"ult-easy-separator-wrapper ult-responsive ult-top-easy-separator ult-easy-separator-no-default\" style=\"transform: translate(-50%,-0%)!important;-ms-transform: translate(-50%,-0%)!important;-webkit-transform: translate(-50%,-0%)!important;\" data-vc-row=\"wpb_row\"  data-ultimate-target='#ult-easy-separator-34140555669e2364ce1697'  data-responsive-json-new='{\"width\":\"\"}' ><div class=\"ult-easy-separator-inner-wrapper\"><div class=\" ult-animation ult-animate-viewport \" style=\"opacity:0;\"   data-animate=\"bounceInDown\"  data-animation-delay=\"0\"  data-animation-duration=\"3\"  data-animation-iteration=\"1\"  data-opacity_start_effect=\"\"><img decoding=\"async\" class=\"ult-easy-separator-img\" alt=\"null\" src=\"https:\/\/www.garciayllinares.com\/wp-content\/uploads\/2020\/05\/IMG_20181005_232322-3-1.jpg\" \/><\/div><\/div><\/div>[vc_separator color=&#8221;juicy_pink&#8221; style=&#8221;shadow&#8221; border_width=&#8221;6&#8243; css_animation=&#8221;fadeInDown&#8221;][vc_empty_space height=&#8221;84px&#8221;][vc_custom_heading text=&#8221;TRABAJANDO EN SEGUROS DESDE 1972&#8243; font_container=&#8221;tag:h2|text_align:center|color:%232b7abf&#8221; google_fonts=&#8221;font_family:Viga%3Aregular|font_style:400%20regular%3A400%3Anormal&#8221;][vc_empty_space height=&#8221;30px&#8221;][vc_text_separator title=&#8221;&#8221; i_icon_fontawesome=&#8221;fa fa-users&#8221; i_color=&#8221;custom&#8221; i_size=&#8221;lg&#8221; color=&#8221;sky&#8221; style=&#8221;shadow&#8221; border_width=&#8221;6&#8243; css_animation=&#8221;fadeInDown&#8221; add_icon=&#8221;true&#8221; i_custom_color=&#8221;#2476bf&#8221;][\/vc_column][\/vc_row][vc_row][vc_column width=&#8221;1\/2&#8243;][vc_single_image image=&#8221;350&#8243; img_size=&#8221;full&#8221; alignment=&#8221;center&#8221; css_animation=&#8221;fadeInLeft&#8221;][vc_column_text css_animation=&#8221;fadeInLeft&#8221;]<\/p>\n<h3 style=\"text-align: left;\"><strong><span style=\"color: #000000;\">Esperamos que este primer contacto con las nuevas aplicaciones, tambi\u00e9n le sirva para acercarse a nuestra empresa y conocernos mejor.<\/span><\/strong><\/h3>\n<h3 style=\"text-align: left;\"><strong><span style=\"color: #000000;\">Le presentamos las mejores P\u00f3lizas y Servicio de seguros, as\u00ed como productos de Ahorro y Pensiones.<\/span><\/strong><\/h3>\n<h3 style=\"text-align: left;\"><strong>Creemos que se adaptar\u00e1n a sus necesidades, le invitamos a ponerse en contacto con nosotros, recibiendo un trato especial como usted se merece.<\/strong><\/h3>\n<p>[\/vc_column_text][\/vc_column][vc_column width=&#8221;1\/2&#8243;][vc_single_image image=&#8221;347&#8243; img_size=&#8221;full&#8221; alignment=&#8221;center&#8221; css_animation=&#8221;fadeInRight&#8221;][vc_column_text css_animation=&#8221;fadeInRight&#8221;]<\/p>\n<h4><\/h4>\n<h3 style=\"text-align: left;\"><strong>En Garc\u00eda y Llinares intentamos que todos y cada uno de nuestros asegurados <\/strong><strong>disfruten de descuentos exclusivos en nuestros productos.<\/strong><\/h3>\n<h3 style=\"text-align: left;\"><strong>Tambi\u00e9n disponemos de un servicio de taller\u00a0 que ofrece\u00a0 veh\u00edculo de sustituci\u00f3n a su disposici\u00f3n.<\/strong><\/h3>\n<p>[\/vc_column_text][\/vc_column][\/vc_row][vc_row][vc_column][vc_separator color=&#8221;pink&#8221; border_width=&#8221;2&#8243;][\/vc_column][\/vc_row][vc_row][vc_column][vc_empty_space height=&#8221;30px&#8221;][vc_custom_heading text=&#8221;TRABAJAMOS CON LAS MEJORES COMPA\u00d1IAS&#8221; font_container=&#8221;tag:h2|text_align:center|color:%233980bf&#8221; google_fonts=&#8221;font_family:Viga%3Aregular|font_style:400%20regular%3A400%3Anormal&#8221; css_animation=&#8221;fadeInUpBig&#8221; link=&#8221;url:https%3A%2F%2Fgarciayllinares.com%2Findex.php%2Fproductos%2F|title:Productos||&#8221;][vc_empty_space height=&#8221;30px&#8221;][\/vc_column][\/vc_row][vc_row][vc_column css_animation=&#8221;fadeInUp&#8221; width=&#8221;1\/6&#8243;][vc_column_text css_animation=&#8221;fadeInUp&#8221;]<\/p>\n<h4><strong>ALLIANZ<\/strong><\/h4>\n<p>[\/vc_column_text][\/vc_column][vc_column css_animation=&#8221;fadeInUp&#8221; width=&#8221;1\/6&#8243;][vc_column_text css_animation=&#8221;fadeInUp&#8221;]<\/p>\n<h4><strong>GENERALI<\/strong><\/h4>\n<p>[\/vc_column_text][\/vc_column][vc_column css_animation=&#8221;fadeInUp&#8221; width=&#8221;1\/6&#8243;][vc_column_text css_animation=&#8221;fadeInUp&#8221;]<\/p>\n<h4><strong>MAPFRE<\/strong><\/h4>\n<p>[\/vc_column_text][\/vc_column][vc_column css_animation=&#8221;fadeInUp&#8221; width=&#8221;1\/6&#8243;][vc_column_text css_animation=&#8221;fadeInUp&#8221;]<\/p>\n<h4><strong>RACE<\/strong><\/h4>\n<p>[\/vc_column_text][\/vc_column][vc_column css_animation=&#8221;fadeInUp&#8221; width=&#8221;1\/6&#8243;][vc_column_text css_animation=&#8221;fadeInUp&#8221;]<\/p>\n<h4><strong>ARAG<\/strong><\/h4>\n<p>[\/vc_column_text][\/vc_column][vc_column css_animation=&#8221;fadeInUp&#8221; width=&#8221;1\/6&#8243;][vc_column_text css_animation=&#8221;fadeInUp&#8221;]<\/p>\n<h4><strong>REALE<\/strong><\/h4>\n<p>[\/vc_column_text][\/vc_column][\/vc_row][vc_row][vc_column][vc_separator color=&#8221;pink&#8221; border_width=&#8221;2&#8243;][\/vc_column][\/vc_row][vc_row][vc_column css_animation=&#8221;fadeInUp&#8221; width=&#8221;1\/6&#8243;][vc_column_text css_animation=&#8221;fadeInUp&#8221;]<\/p>\n<h4><strong>FIATC<\/strong><\/h4>\n<p>[\/vc_column_text][\/vc_column][vc_column css_animation=&#8221;fadeInUp&#8221; width=&#8221;1\/6&#8243;][vc_column_text css_animation=&#8221;fadeInUp&#8221;]<\/p>\n<h4><strong>AEGON<\/strong><\/h4>\n<p>[\/vc_column_text][\/vc_column][vc_column css_animation=&#8221;fadeInUp&#8221; width=&#8221;1\/6&#8243;][vc_column_text css_animation=&#8221;fadeInUp&#8221;]<\/p>\n<h4><strong>UNION ALCOYANA<\/strong><\/h4>\n<p>[\/vc_column_text][\/vc_column][vc_column css_animation=&#8221;fadeInUp&#8221; width=&#8221;1\/6&#8243;][vc_column_text css_animation=&#8221;fadeInUp&#8221;]<\/p>\n<h4><strong>SANTA LUCIA<\/strong><\/h4>\n<p>[\/vc_column_text][\/vc_column][vc_column css_animation=&#8221;fadeInUp&#8221; width=&#8221;1\/6&#8243;][vc_column_text css_animation=&#8221;fadeInUp&#8221;]<\/p>\n<h5><strong>\u00a0OCCIDENT<\/strong><\/h5>\n<p>[\/vc_column_text][\/vc_column][vc_column css_animation=&#8221;fadeInUp&#8221; width=&#8221;1\/6&#8243;][vc_column_text css_animation=&#8221;fadeInUp&#8221;]<\/p>\n<h4><strong>DKV<\/strong><\/h4>\n<p>[\/vc_column_text][\/vc_column][\/vc_row][vc_row][vc_column][vc_separator color=&#8221;pink&#8221; border_width=&#8221;2&#8243;][\/vc_column][\/vc_row][vc_row][vc_column css_animation=&#8221;fadeInUp&#8221; width=&#8221;1\/6&#8243;][vc_column_text css_animation=&#8221;fadeInUp&#8221;]<\/p>\n<h4><strong>SENASSUR<\/strong><\/h4>\n<p>[\/vc_column_text][\/vc_column][vc_column css_animation=&#8221;fadeInUp&#8221; width=&#8221;1\/6&#8243;][vc_column_text css_animation=&#8221;fadeInUp&#8221;]<\/p>\n<h4><strong>ACTIVE<\/strong><\/h4>\n<p>[\/vc_column_text][\/vc_column][vc_column css_animation=&#8221;fadeInUp&#8221; width=&#8221;1\/6&#8243;][vc_column_text css_animation=&#8221;fadeInUp&#8221;]<\/p>\n<h4><strong>DIVINA PASTORA<\/strong><\/h4>\n<p>[\/vc_column_text][\/vc_column][vc_column css_animation=&#8221;fadeInUp&#8221; width=&#8221;1\/6&#8243;][vc_column_text css_animation=&#8221;fadeInUp&#8221;]<\/p>\n<h4>ZURICH<\/h4>\n<p>[\/vc_column_text][\/vc_column][vc_column css_animation=&#8221;fadeInUp&#8221; width=&#8221;1\/6&#8243;][vc_column_text css_animation=&#8221;fadeInUp&#8221;]<\/p>\n<h5><strong>PREVISION MALLORQUINA<\/strong><\/h5>\n<p>[\/vc_column_text][\/vc_column][vc_column css_animation=&#8221;fadeInUp&#8221; width=&#8221;1\/6&#8243;][vc_column_text css_animation=&#8221;fadeInUp&#8221;]<\/p>\n<h6>SEGUROPORDIAS<\/h6>\n<p>[\/vc_column_text][\/vc_column][\/vc_row]<\/p>\n","protected":false},"excerpt":{"rendered":"<p>[vc_row][vc_column width=&#8221;1\/2&#8243;][\/vc_column][\/vc_row][vc_row][vc_column][vc_btn title=&#8221;DESCARGA PARTE AMISTOSO&#8221; style=&#8221;gradient&#8221; gradient_color_1=&#8221;pink&#8221; gradient_color_2=&#8221;juicy-pink&#8221; i_icon_fontawesome=&#8221;fa fa-clipboard&#8221; css_animation=&#8221;fadeInUp&#8221; add_icon=&#8221;true&#8221; link=&#8221;url:http%3A%2F%2Fwww.garciayllinares.com%2Fwp-content%2Fuploads%2F2023%2F09%2FDeclaracion-Amistosa-de-parte.pdf|||&#8221;][\/vc_column][\/vc_row][vc_row][vc_column][vc_empty_space height=&#8221;90px&#8221;][vc_separator color=&#8221;juicy_pink&#8221; style=&#8221;shadow&#8221; border_width=&#8221;6&#8243; css_animation=&#8221;fadeInDown&#8221;][vc_empty_space height=&#8221;84px&#8221;][vc_custom_heading text=&#8221;TRABAJANDO EN SEGUROS DESDE 1972&#8243; font_container=&#8221;tag:h2|text_align:center|color:%232b7abf&#8221;<a href=\"https:\/\/www.garciayllinares.com\/\" class=\"more-link\">Ver m\u00e1s<\/a><\/p>\n","protected":false},"author":2,"featured_media":0,"parent":0,"menu_order":0,"comment_status":"closed","ping_status":"closed","template":"","meta":{"footnotes":""},"class_list":["post-2","page","type-page","status-publish","hentry"],"_links":{"self":[{"href":"https:\/\/www.garciayllinares.com\/index.php\/wp-json\/wp\/v2\/pages\/2","targetHints":{"allow":["GET"]}}],"collection":[{"href":"https:\/\/www.garciayllinares.com\/index.php\/wp-json\/wp\/v2\/pages"}],"about":[{"href":"https:\/\/www.garciayllinares.com\/index.php\/wp-json\/wp\/v2\/types\/page"}],"author":[{"embeddable":true,"href":"https:\/\/www.garciayllinares.com\/index.php\/wp-json\/wp\/v2\/users\/2"}],"replies":[{"embeddable":true,"href":"https:\/\/www.garciayllinares.com\/index.php\/wp-json\/wp\/v2\/comments?post=2"}],"version-history":[{"count":116,"href":"https:\/\/www.garciayllinares.com\/index.php\/wp-json\/wp\/v2\/pages\/2\/revisions"}],"predecessor-version":[{"id":695,"href":"https:\/\/www.garciayllinares.com\/index.php\/wp-json\/wp\/v2\/pages\/2\/revisions\/695"}],"wp:attachment":[{"href":"https:\/\/www.garciayllinares.com\/index.php\/wp-json\/wp\/v2\/media?parent=2"}],"curies":[{"name":"wp","href":"https:\/\/api.w.org\/{rel}","templated":true}]}}